{"id":1585,"date":"2025-03-20T09:36:04","date_gmt":"2025-03-20T08:36:04","guid":{"rendered":"https:\/\/www.scietec.de\/?page_id=1585"},"modified":"2025-04-30T11:35:24","modified_gmt":"2025-04-30T09:35:24","slug":"impressum","status":"publish","type":"page","link":"https:\/\/www.scietec.de\/en\/impressum\/","title":{"rendered":"imprint"},"content":{"rendered":"<p>[et_pb_section fb_built=\u201d1\u2033 custom_padding_last_edited=\u201don|phone\u201d _builder_version=\u201d4.27.4\u2033 _module_preset=\u201ddefault\u201d use_background_color_gradient=\u201don\u201d background_color_gradient_stops=\u201d#000000 0%|rgba(116,13,45,0.47) 100%&quot; background_color_gradient_overlays_image=&quot;on&quot; background_image=&quot;https:\/\/www.scietec.de\/wp-content\/uploads\/2024\/06\/helix-dna-rot.jpg&quot; custom_padding=&quot;80px||0px||false|false&quot; custom_padding_tablet=\u201c60px||||false|false\u201d custom_padding_phone=&quot;50px||||false|false&quot; global_colors_info=&quot;{}&quot;][et_pb_row column_structure=&quot;3_5,2_5\u2033 _builder_version=&quot;4.27.4\u2033 _module_preset=&quot;default&quot; width=&quot;90%&quot; width_tablet=&quot;80%&quot; width_phone=&quot;90%&quot; width_last_edited=&quot;on|desktop&quot; custom_padding=&quot;0px||||false|false&quot; global_colors_info=&quot;{}&quot;][et_pb_column type=&quot;3_5\u2033 _builder_version=&quot;4.27.4\u2033 _module_preset=&quot;default&quot; global_colors_info=&quot;{}&quot;][et_pb_text _builder_version=\u201c4.27.4\u2033 text_font=\u201c|600|||||||\u201c text_font_size=&quot;22px&quot; text_line_height=&quot;1.8em&quot; header_font=&quot;|700|||||||&quot; header_font_size=&quot;54px&quot; header_line_height=&quot;1.2em&quot; background_layout=&quot;dark&quot; max_width=&quot;800px&quot; max_width_tablet=&quot;&quot; max_width_phone=&quot;&quot;&quot; max_width_last_edited=&quot;on|phone&quot; custom_margin=&quot;||20px||false|false&quot; custom_margin_phone=&quot;0px||||false|false&quot; custom_margin_last_edited=&quot;off|desktop&quot; animation_direction=&quot;top&quot; text_font_size_tablet=&quot;14px&quot; text_font_size_phone=&quot;&quot; text_font_size_last_edited=&quot;on|phone&quot; header_font_size_tablet=&quot;50px&quot; header_font_size_phone=\u201c30px\u201d header_font_size_last_edited=\u201con|phone\u201d custom_css_free_form=&quot;@media(max-width:1350px) and (min-width:980px){|| selector h1{|| font-size: clamp(2.5625rem, 0.7416rem + 2.973vw, 3.25rem)!important;|| }||}&quot; locked=&quot;off&quot; global_colors_info=&quot;{}&quot;]<\/p>\n<h1>imprint<\/h1>\n<p>[\/et_pb_text][et_pb_divider color=\u201c#FFFFFF\u201c divider_weight=\u201c3px\u201c _builder_version=\u201c4.27.4\u2033 max_width=\u201c50px\u201c locked=\u201coff\u201c global_colors_info=\u201c{}\u201c][\/et_pb_divider][\/et_pb_column][et_pb_column type=\u201c2_5\u2033 _builder_version=\u201c4.27.4\u2033 _module_preset=\u201cdefault\u201d global_colors_info=\u201c{}\u201d][\/et_pb_column][\/et_pb_row][\/et_pb_section][et_pb_section fb_built=\u201c1\u2033 _builder_version=\u201c4.27.4\u2033 _module_preset=&quot;default&quot; global_colors_info=&quot;{}&quot;][et_pb_row column_structure=&quot;2_3,1_3\u2033 custom_padding_last_edited=&quot;on|phone&quot; _builder_version=&quot;4.27.4\u2033 _module_preset=&quot;default&quot; width=&quot;90%&quot; width_tablet=&quot;80%&quot; width_phone=&quot;90%&quot; width_last_edited=&quot;on|desktop&quot; custom_padding_tablet=&quot;&quot; custom_padding_phone=&quot;0px||||false|false&quot; global_colors_info=&quot;{}&quot;][et_pb_column type=&quot;2_3\u2033 _builder_version=&quot;4.27.4\u2033 _module_preset=&quot;default&quot; global_colors_info=&quot;{}&quot; custom_css_main_element_last_edited=\u201con|tablet\u201d custom_css_main_element_tablet=\u201cmargin-bottom:0px;\u201d custom_css_main_element_phone=\u201cmargin-bottom:0px;\u201d][et_pb_text _builder_version=\u201c4.27.4\u2033 text_font=\u201c||||||||\u201c text_font_size=&quot;18px&quot; text_line_height=&quot;1.6em&quot; header_font=&quot;||||||||&quot; header_2_font=\u201c|300|||||||\u201c header_2_font_size=&quot;45px&quot; header_2_line_height=&quot;1.3em&quot; header_3_font=&quot;|600|||||||&quot; header_3_line_height=&quot;1.2em&quot; animation_style=&quot;slide&quot; animation_direction=&quot;top&quot; animation_intensity_slide=&quot;5%&quot; text_font_size_tablet=&quot;17px&quot; text_font_size_phone=&quot;17px&quot; text_font_size_last_edited=&quot;on|phone&quot; header_2_font_size_tablet=&quot;36px&quot; header_2_font_size_phone=&quot;27px&quot; header_2_font_size_last_edited=&quot;on|desktop&quot; locked=&quot;off&quot; global_colors_info=&quot;{}&quot;]<\/p>\n<p><strong>ScieTec GmbH<\/strong><br \/>Werner-Schlierf-Str. 25<br \/>81539 Munich<\/p>\n<p>Authorized Managing Director:<\/p>\n<p>Dilsad Babayigit<\/p>\n<p><strong>contact <\/strong><br \/>Phone: +49 (0)89 7263210 70<br \/>e-mail: <a href=\"mailto:kontakt@sciete.de\">office@scietec.de<\/a><\/p>\n<p>Munich District Court HRB 250277<\/p>\n<h3>Notice according to the Online Dispute Resolution Regulation<\/h3>\n<p>Under applicable law, we are obligated to inform consumers of the existence of the European Online Dispute Resolution Platform, which can be used to resolve disputes without the need for court involvement. The European Commission is responsible for establishing the platform. The European Online Dispute Resolution Platform can be found here: http:\/\/ec.europa.eu\/odr. Our email address is: <a href=\"\/en\/datenschutz@scietec.de\/\">datenschutz@scietec.de<\/a>.<br \/>However, we would like to point out that we are not willing to participate in dispute resolution proceedings within the framework of the European Online Dispute Resolution Platform. Please use the email and telephone numbers above to contact us.<br \/>Notice according to the Consumer Dispute Resolution Act (VSBG)<br \/>We are neither willing nor obliged to participate in dispute resolution proceedings before a consumer arbitration board.<\/p>\n<p>Responsible for content: Dils\u00e2d Babayigit<\/p>\n<p>[\/et_pb_text][\/et_pb_column][et_pb_column type=\u201c1_3\u2033 _builder_version=\u201c4.27.4\u2033 _module_preset=\u201cdefault\u201c global_colors_info=\u201c{}\u201c][\/et_pb_column][\/et_pb_row][\/et_pb_section]<\/p>","protected":false},"excerpt":{"rendered":"<p>Imprint ScieTec GmbH Werner-Schlierf-Str. 2581539 Munich Authorized Representative: Dils\u00e2d Babayigit Contact Telephone: +49 (0)89 7263210 70 Email: office@scietec.de Munich District Court HRB 250277 Notice pursuant to the Online Dispute Resolution Regulation Under applicable law, we are obligated to inform consumers of the existence of the European Online Dispute Resolution Platform, which can be used to resolve disputes without the need for court involvement. The establishment [\u2026]<\/p>","protected":false},"author":1,"featured_media":0,"parent":0,"menu_order":0,"comment_status":"closed","ping_status":"closed","template":"","meta":{"_et_pb_use_builder":"on","_et_pb_old_content":"","_et_gb_content_width":"","footnotes":""},"class_list":["post-1585","page","type-page","status-publish","hentry"],"yoast_head":"<!-- This site is optimized with the Yoast SEO plugin v25.0 - https:\/\/yoast.com\/wordpress\/plugins\/seo\/ -->\n<title>Impressum \u2013 ScieTec GmbH M\u00fcnchen<\/title>\n<meta name=\"description\" content=\"Rechtliche Angaben zur ScieTec GmbH: Adresse, Kontakt, Gesch\u00e4ftsf\u00fchrung und Handelsregisterinformationen.\u200b\" \/>\n<meta name=\"robots\" content=\"index, follow, max-snippet:-1, max-image-preview:large, max-video-preview:-1\" \/>\n<link rel=\"canonical\" href=\"https:\/\/www.scietec.de\/en\/impressum\/\" \/>\n<meta property=\"og:locale\" content=\"en_GB\" \/>\n<meta property=\"og:type\" content=\"article\" \/>\n<meta property=\"og:title\" content=\"Impressum \u2013 ScieTec GmbH M\u00fcnchen\" \/>\n<meta property=\"og:description\" content=\"Rechtliche Angaben zur ScieTec GmbH: Adresse, Kontakt, Gesch\u00e4ftsf\u00fchrung und Handelsregisterinformationen.\u200b\" \/>\n<meta property=\"og:url\" content=\"https:\/\/www.scietec.de\/en\/impressum\/\" \/>\n<meta property=\"og:site_name\" content=\"ScieTec Unternehmensberatung\" \/>\n<meta property=\"article:modified_time\" content=\"2025-04-30T09:35:24+00:00\" \/>\n<meta name=\"twitter:card\" content=\"summary_large_image\" \/>\n<meta name=\"twitter:label1\" content=\"Estimated reading time\" \/>\n\t<meta name=\"twitter:data1\" content=\"1 minute\" \/>\n<script type=\"application\/ld+json\" class=\"yoast-schema-graph\">{\"@context\":\"https:\/\/schema.org\",\"@graph\":[{\"@type\":\"WebPage\",\"@id\":\"https:\/\/www.scietec.de\/impressum\/\",\"url\":\"https:\/\/www.scietec.de\/impressum\/\",\"name\":\"Impressum \u2013 ScieTec GmbH M\u00fcnchen\",\"isPartOf\":{\"@id\":\"https:\/\/www.scietec.de\/#website\"},\"datePublished\":\"2025-03-20T08:36:04+00:00\",\"dateModified\":\"2025-04-30T09:35:24+00:00\",\"description\":\"Rechtliche Angaben zur ScieTec GmbH: Adresse, Kontakt, Gesch\u00e4ftsf\u00fchrung und Handelsregisterinformationen.\u200b\",\"breadcrumb\":{\"@id\":\"https:\/\/www.scietec.de\/impressum\/#breadcrumb\"},\"inLanguage\":\"en-GB\",\"potentialAction\":[{\"@type\":\"ReadAction\",\"target\":[\"https:\/\/www.scietec.de\/impressum\/\"]}]},{\"@type\":\"BreadcrumbList\",\"@id\":\"https:\/\/www.scietec.de\/impressum\/#breadcrumb\",\"itemListElement\":[{\"@type\":\"ListItem\",\"position\":1,\"name\":\"Startseite\",\"item\":\"https:\/\/www.scietec.de\/\"},{\"@type\":\"ListItem\",\"position\":2,\"name\":\"Impressum\"}]},{\"@type\":\"WebSite\",\"@id\":\"https:\/\/www.scietec.de\/#website\",\"url\":\"https:\/\/www.scietec.de\/\",\"name\":\"ScieTec Unternehmensberatung\",\"description\":\"Unternehmensberatung mit Fokus auf die Life-Science Industrien\",\"potentialAction\":[{\"@type\":\"SearchAction\",\"target\":{\"@type\":\"EntryPoint\",\"urlTemplate\":\"https:\/\/www.scietec.de\/?s={search_term_string}\"},\"query-input\":{\"@type\":\"PropertyValueSpecification\",\"valueRequired\":true,\"valueName\":\"search_term_string\"}}],\"inLanguage\":\"en-GB\"}]}<\/script>\n<!-- \/ Yoast SEO plugin. -->","yoast_head_json":{"title":"Impressum \u2013 ScieTec GmbH M\u00fcnchen","description":"Rechtliche Angaben zur ScieTec GmbH: Adresse, Kontakt, Gesch\u00e4ftsf\u00fchrung und Handelsregisterinformationen.\u200b","robots":{"index":"index","follow":"follow","max-snippet":"max-snippet:-1","max-image-preview":"max-image-preview:large","max-video-preview":"max-video-preview:-1"},"canonical":"https:\/\/www.scietec.de\/en\/impressum\/","og_locale":"en_GB","og_type":"article","og_title":"Impressum \u2013 ScieTec GmbH M\u00fcnchen","og_description":"Rechtliche Angaben zur ScieTec GmbH: Adresse, Kontakt, Gesch\u00e4ftsf\u00fchrung und Handelsregisterinformationen.\u200b","og_url":"https:\/\/www.scietec.de\/en\/impressum\/","og_site_name":"ScieTec Unternehmensberatung","article_modified_time":"2025-04-30T09:35:24+00:00","twitter_card":"summary_large_image","twitter_misc":{"Estimated reading time":"1 minute"},"schema":{"@context":"https:\/\/schema.org","@graph":[{"@type":"WebPage","@id":"https:\/\/www.scietec.de\/impressum\/","url":"https:\/\/www.scietec.de\/impressum\/","name":"Impressum \u2013 ScieTec GmbH M\u00fcnchen","isPartOf":{"@id":"https:\/\/www.scietec.de\/#website"},"datePublished":"2025-03-20T08:36:04+00:00","dateModified":"2025-04-30T09:35:24+00:00","description":"Rechtliche Angaben zur ScieTec GmbH: Adresse, Kontakt, Gesch\u00e4ftsf\u00fchrung und Handelsregisterinformationen.\u200b","breadcrumb":{"@id":"https:\/\/www.scietec.de\/impressum\/#breadcrumb"},"inLanguage":"en-GB","potentialAction":[{"@type":"ReadAction","target":["https:\/\/www.scietec.de\/impressum\/"]}]},{"@type":"BreadcrumbList","@id":"https:\/\/www.scietec.de\/impressum\/#breadcrumb","itemListElement":[{"@type":"ListItem","position":1,"name":"Startseite","item":"https:\/\/www.scietec.de\/"},{"@type":"ListItem","position":2,"name":"Impressum"}]},{"@type":"WebSite","@id":"https:\/\/www.scietec.de\/#website","url":"https:\/\/www.scietec.de\/","name":"ScieTec Unternehmensberatung","description":"Unternehmensberatung mit Fokus auf die Life-Science Industrien","potentialAction":[{"@type":"SearchAction","target":{"@type":"EntryPoint","urlTemplate":"https:\/\/www.scietec.de\/?s={search_term_string}"},"query-input":{"@type":"PropertyValueSpecification","valueRequired":true,"valueName":"search_term_string"}}],"inLanguage":"en-GB"}]}},"_links":{"self":[{"href":"https:\/\/www.scietec.de\/en\/wp-json\/wp\/v2\/pages\/1585","targetHints":{"allow":["GET"]}}],"collection":[{"href":"https:\/\/www.scietec.de\/en\/wp-json\/wp\/v2\/pages"}],"about":[{"href":"https:\/\/www.scietec.de\/en\/wp-json\/wp\/v2\/types\/page"}],"author":[{"embeddable":true,"href":"https:\/\/www.scietec.de\/en\/wp-json\/wp\/v2\/users\/1"}],"replies":[{"embeddable":true,"href":"https:\/\/www.scietec.de\/en\/wp-json\/wp\/v2\/comments?post=1585"}],"version-history":[{"count":46,"href":"https:\/\/www.scietec.de\/en\/wp-json\/wp\/v2\/pages\/1585\/revisions"}],"predecessor-version":[{"id":1818,"href":"https:\/\/www.scietec.de\/en\/wp-json\/wp\/v2\/pages\/1585\/revisions\/1818"}],"wp:attachment":[{"href":"https:\/\/www.scietec.de\/en\/wp-json\/wp\/v2\/media?parent=1585"}],"curies":[{"name":"wp","href":"https:\/\/api.w.org\/{rel}","templated":true}]}}